{"id":144,"date":"2018-08-07T10:50:47","date_gmt":"2018-08-07T10:50:47","guid":{"rendered":"http:\/\/demo.athemes.com\/atu-agency\/?page_id=144"},"modified":"2021-08-13T09:54:40","modified_gmt":"2021-08-13T09:54:40","slug":"contact","status":"publish","type":"page","link":"https:\/\/www.metsayhteisojarea.fi\/index.php\/contact\/","title":{"rendered":"J\u00e4re\u00e4 yhteystiedot"},"content":{"rendered":"\t\t<div data-elementor-type=\"wp-post\" data-elementor-id=\"144\" class=\"elementor elementor-144\" data-elementor-settings=\"[]\">\n\t\t\t\t\t\t\t<div class=\"elementor-section-wrap\">\n\t\t\t\t\t\t\t<section class=\"elementor-section elementor-top-section elementor-element elementor-element-6352347f elementor-section-boxed elementor-section-height-default elementor-section-height-default\" data-id=\"6352347f\" data-element_type=\"section\">\n\t\t\t\t\t\t<div class=\"elementor-container elementor-column-gap-wider\">\n\t\t\t\t\t<div class=\"elementor-column elementor-col-100 elementor-top-column elementor-element elementor-element-54047305\" data-id=\"54047305\" data-element_type=\"column\">\n\t\t\t<div class=\"elementor-widget-wrap elementor-element-populated\">\n\t\t\t\t\t\t\t\t<div class=\"elementor-element elementor-element-193e2a1 elementor-widget elementor-widget-text-editor\" data-id=\"193e2a1\" data-element_type=\"widget\" data-widget_type=\"text-editor.default\">\n\t\t\t\t<div class=\"elementor-widget-container\">\n\t\t\t\t\t\t\t\t<p>Kysy lis\u00e4\u00e4 tai ilmoita kiinnostuksesi osakkuudesta<\/p>\t\t\t\t\t\t<\/div>\n\t\t\t\t<\/div>\n\t\t\t\t<div class=\"elementor-element elementor-element-0882676 elementor-widget elementor-widget-heading\" data-id=\"0882676\" data-element_type=\"widget\" data-widget_type=\"heading.default\">\n\t\t\t\t<div class=\"elementor-widget-container\">\n\t\t\t<h5 class=\"elementor-heading-title elementor-size-default\">Mets\u00e4talousinsin\u00f6\u00f6ri, KTM<\/h5>\t\t<\/div>\n\t\t\t\t<\/div>\n\t\t\t\t<div class=\"elementor-element elementor-element-49c39f0 elementor-widget elementor-widget-text-editor\" data-id=\"49c39f0\" data-element_type=\"widget\" data-widget_type=\"text-editor.default\">\n\t\t\t\t<div class=\"elementor-widget-container\">\n\t\t\t\t\t\t\t\t<p><strong>Kimmo Koistinen<br \/><\/strong>kimmo.koistinen@metsavarainhoito.fi<br \/>040 7232852<\/p>\t\t\t\t\t\t<\/div>\n\t\t\t\t<\/div>\n\t\t\t\t<div class=\"elementor-element elementor-element-56b71c4 elementor-widget elementor-widget-text-editor\" data-id=\"56b71c4\" data-element_type=\"widget\" data-widget_type=\"text-editor.default\">\n\t\t\t\t<div class=\"elementor-widget-container\">\n\t\t\t\t\t\t\t\t\t\t\t\t\t\t<\/div>\n\t\t\t\t<\/div>\n\t\t\t\t<div class=\"elementor-element elementor-element-7bb71d3 elementor-widget elementor-widget-text-editor\" data-id=\"7bb71d3\" data-element_type=\"widget\" data-widget_type=\"text-editor.default\">\n\t\t\t\t<div class=\"elementor-widget-container\">\n\t\t\t\t\t\t\t\t\t\t\t\t\t\t<\/div>\n\t\t\t\t<\/div>\n\t\t\t\t\t<\/div>\n\t\t<\/div>\n\t\t\t\t\t\t\t<\/div>\n\t\t<\/section>\n\t\t\t\t\t\t<\/div>\n\t\t\t\t\t<\/div>\n\t\t","protected":false},"excerpt":{"rendered":"<p>Kysy lis\u00e4\u00e4 tai ilmoita kiinnostuksesi osakkuudesta Mets\u00e4talousinsin\u00f6\u00f6ri, KTM Kimmo Koistinenkimmo.koistinen@metsavarainhoito.fi040 7232852<\/p>\n","protected":false},"author":1,"featured_media":0,"parent":0,"menu_order":0,"comment_status":"closed","ping_status":"closed","template":"page-templates\/template_fullwidth.php","meta":[],"_links":{"self":[{"href":"https:\/\/www.metsayhteisojarea.fi\/index.php\/wp-json\/wp\/v2\/pages\/144"}],"collection":[{"href":"https:\/\/www.metsayhteisojarea.fi\/index.php\/wp-json\/wp\/v2\/pages"}],"about":[{"href":"https:\/\/www.metsayhteisojarea.fi\/index.php\/wp-json\/wp\/v2\/types\/page"}],"author":[{"embeddable":true,"href":"https:\/\/www.metsayhteisojarea.fi\/index.php\/wp-json\/wp\/v2\/users\/1"}],"replies":[{"embeddable":true,"href":"https:\/\/www.metsayhteisojarea.fi\/index.php\/wp-json\/wp\/v2\/comments?post=144"}],"version-history":[{"count":19,"href":"https:\/\/www.metsayhteisojarea.fi\/index.php\/wp-json\/wp\/v2\/pages\/144\/revisions"}],"predecessor-version":[{"id":755,"href":"https:\/\/www.metsayhteisojarea.fi\/index.php\/wp-json\/wp\/v2\/pages\/144\/revisions\/755"}],"wp:attachment":[{"href":"https:\/\/www.metsayhteisojarea.fi\/index.php\/wp-json\/wp\/v2\/media?parent=144"}],"curies":[{"name":"wp","href":"https:\/\/api.w.org\/{rel}","templated":true}]}}